{"id":52,"date":"2022-01-18T06:48:01","date_gmt":"2022-01-18T06:48:01","guid":{"rendered":"http:\/\/turcjawczasy.net\/fi\/?page_id=52"},"modified":"2022-01-18T13:49:30","modified_gmt":"2022-01-18T13:49:30","slug":"about-grecjawczasy-com","status":"publish","type":"page","link":"https:\/\/turcjawczasy.net\/fi\/about-grecjawczasy-com\/","title":{"rendered":"Tietoja verkkosivustosta turcjawczasy.net"},"content":{"rendered":"<div style=\"text-align:center\"><img loading=\"lazy\" decoding=\"async\" width=\"196\" height=\"86\" src=\"https:\/\/i2.wp.com\/turcjawczasy.net\/fi\/wp-content\/uploads\/sites\/12\/2022\/01\/logo.jpg?resize=196,86&amp;ssl=1\" class=\"attachment-post-thumbnail size-post-thumbnail wp-post-image\" alt=\"About turcjawczasy.net\/fi\" title=\"About turcjawczasy.net\/fi\" \/><\/div>\n<div class=\"wp-block-image\"><figure class=\"aligncenter size-full\"><figcaption><em> <a href=\"http:\/\/turcjawczasy.net\/fi\">turcjawczasy.net\/fi<\/a><\/em><\/figcaption><\/figure><\/div>\n\n\n\n<p>Tietoja verkkosivustosta turcjawczasy.net<\/p>\n\n\n\n<p>Olemme sis\u00e4ll\u00f6ntuotantoon erikoistunut markkinointiyhti\u00f6.<\/p>\n\n\n\n<p>Jos haluat ottaa meihin yhteytt\u00e4, l\u00e4het\u00e4 meille s\u00e4hk\u00f6postia osoitteeseen:<\/p>\n\n\n\n<p><a href=\"mailto:info@turcjawczasy.net\" target=\"_blank\" rel=\"noreferrer noopener\">info@turcjawczasy.net<\/a><\/p>\n<!-- AddThis Advanced Settings generic via filter on the_content --><!-- AddThis Share Buttons generic via filter on the_content -->","protected":false},"excerpt":{"rendered":"<p>Tietoja verkkosivustosta turcjawczasy.net Olemme sis\u00e4ll\u00f6ntuotantoon erikoistunut markkinointiyhti\u00f6. Jos haluat ottaa meihin yhteytt\u00e4, l\u00e4het\u00e4 meille s\u00e4hk\u00f6postia osoitteeseen: info@turcjawczasy.net<!-- AddThis Advanced Settings generic via filter on get_the_excerpt --><!-- AddThis Share Buttons generic via filter on get_the_excerpt --><\/p>\n","protected":false},"author":1,"featured_media":63,"parent":0,"menu_order":0,"comment_status":"closed","ping_status":"closed","template":"","meta":{"_et_pb_use_builder":"off","_et_pb_old_content":"","_et_gb_content_width":"","footnotes":""},"class_list":["post-52","page","type-page","status-publish","has-post-thumbnail","hentry"],"jetpack-related-posts":[],"_links":{"self":[{"href":"https:\/\/turcjawczasy.net\/fi\/wp-json\/wp\/v2\/pages\/52","targetHints":{"allow":["GET"]}}],"collection":[{"href":"https:\/\/turcjawczasy.net\/fi\/wp-json\/wp\/v2\/pages"}],"about":[{"href":"https:\/\/turcjawczasy.net\/fi\/wp-json\/wp\/v2\/types\/page"}],"author":[{"embeddable":true,"href":"https:\/\/turcjawczasy.net\/fi\/wp-json\/wp\/v2\/users\/1"}],"replies":[{"embeddable":true,"href":"https:\/\/turcjawczasy.net\/fi\/wp-json\/wp\/v2\/comments?post=52"}],"version-history":[{"count":6,"href":"https:\/\/turcjawczasy.net\/fi\/wp-json\/wp\/v2\/pages\/52\/revisions"}],"predecessor-version":[{"id":68,"href":"https:\/\/turcjawczasy.net\/fi\/wp-json\/wp\/v2\/pages\/52\/revisions\/68"}],"wp:featuredmedia":[{"embeddable":true,"href":"https:\/\/turcjawczasy.net\/fi\/wp-json\/wp\/v2\/media\/63"}],"wp:attachment":[{"href":"https:\/\/turcjawczasy.net\/fi\/wp-json\/wp\/v2\/media?parent=52"}],"curies":[{"name":"wp","href":"https:\/\/api.w.org\/{rel}","templated":true}]}}