{"id":52,"date":"2022-01-18T06:48:01","date_gmt":"2022-01-18T06:48:01","guid":{"rendered":"http:\/\/turcjawczasy.net\/sk\/?page_id=52"},"modified":"2022-01-19T12:31:13","modified_gmt":"2022-01-19T12:31:13","slug":"about-grecjawczasy-com","status":"publish","type":"page","link":"https:\/\/turcjawczasy.net\/sk\/about-grecjawczasy-com\/","title":{"rendered":"O str\u00e1nke turcjawczasy.net"},"content":{"rendered":"<div style=\"text-align:center\"><img loading=\"lazy\" decoding=\"async\" width=\"196\" height=\"86\" src=\"https:\/\/i3.wp.com\/turcjawczasy.net\/sk\/wp-content\/uploads\/sites\/30\/2022\/01\/logo.jpg?resize=196,86&amp;ssl=1\" class=\"attachment-post-thumbnail size-post-thumbnail wp-post-image\" alt=\"About turcjawczasy.net\/sk\" title=\"About turcjawczasy.net\/sk\" \/><\/div>\n<div class=\"wp-block-image\"><figure class=\"aligncenter size-full\"><figcaption><em><a href=\"http:\/\/turcjawczasy.net\/sk\">turcjawczasy.net\/sk<\/a><\/em><\/figcaption><\/figure><\/div>\n\n\n\n<p>O str\u00e1nke turcjawczasy.net<\/p>\n\n\n\n<p>Sme marketingov\u00e1 spolo\u010dnos\u0165 \u0161pecializuj\u00faca sa na tvorbu obsahu.<\/p>\n\n\n\n<p>Ak by ste n\u00e1s chceli kontaktova\u0165, nap\u00ed\u0161te n\u00e1m na:<\/p>\n\n\n\n<p><a href=\"mailto:info@turcjawczasy.net\" target=\"_blank\" rel=\"noreferrer noopener\">info@turcjawczasy.net<\/a><\/p>\n<!-- AddThis Advanced Settings generic via filter on the_content --><!-- AddThis Share Buttons generic via filter on the_content -->","protected":false},"excerpt":{"rendered":"<p>O str\u00e1nke turcjawczasy.net Sme marketingov\u00e1 spolo\u010dnos\u0165 \u0161pecializuj\u00faca sa na tvorbu obsahu. Ak by ste n\u00e1s chceli kontaktova\u0165, nap\u00ed\u0161te n\u00e1m na: info@turcjawczasy.net<!-- AddThis Advanced Settings generic via filter on get_the_excerpt --><!-- AddThis Share Buttons generic via filter on get_the_excerpt --><\/p>\n","protected":false},"author":1,"featured_media":63,"parent":0,"menu_order":0,"comment_status":"closed","ping_status":"closed","template":"","meta":{"_et_pb_use_builder":"off","_et_pb_old_content":"","_et_gb_content_width":"","footnotes":""},"class_list":["post-52","page","type-page","status-publish","has-post-thumbnail","hentry"],"jetpack-related-posts":[],"_links":{"self":[{"href":"https:\/\/turcjawczasy.net\/sk\/wp-json\/wp\/v2\/pages\/52","targetHints":{"allow":["GET"]}}],"collection":[{"href":"https:\/\/turcjawczasy.net\/sk\/wp-json\/wp\/v2\/pages"}],"about":[{"href":"https:\/\/turcjawczasy.net\/sk\/wp-json\/wp\/v2\/types\/page"}],"author":[{"embeddable":true,"href":"https:\/\/turcjawczasy.net\/sk\/wp-json\/wp\/v2\/users\/1"}],"replies":[{"embeddable":true,"href":"https:\/\/turcjawczasy.net\/sk\/wp-json\/wp\/v2\/comments?post=52"}],"version-history":[{"count":5,"href":"https:\/\/turcjawczasy.net\/sk\/wp-json\/wp\/v2\/pages\/52\/revisions"}],"predecessor-version":[{"id":67,"href":"https:\/\/turcjawczasy.net\/sk\/wp-json\/wp\/v2\/pages\/52\/revisions\/67"}],"wp:featuredmedia":[{"embeddable":true,"href":"https:\/\/turcjawczasy.net\/sk\/wp-json\/wp\/v2\/media\/63"}],"wp:attachment":[{"href":"https:\/\/turcjawczasy.net\/sk\/wp-json\/wp\/v2\/media?parent=52"}],"curies":[{"name":"wp","href":"https:\/\/api.w.org\/{rel}","templated":true}]}}