{"id":59,"date":"2022-01-18T06:35:53","date_gmt":"2022-01-18T06:35:53","guid":{"rendered":"http:\/\/turcjawczasy.net\/sq\/?page_id=59"},"modified":"2022-01-18T06:39:22","modified_gmt":"2022-01-18T06:39:22","slug":"rreth-grecjawczasy-com","status":"publish","type":"page","link":"https:\/\/turcjawczasy.net\/sq\/rreth-grecjawczasy-com\/","title":{"rendered":"Rreth turcjawczasy.net"},"content":{"rendered":"\n<p>Rreth turcjawczasy.net<\/p>\n\n\n\n<p>Ne jemi kompani marketingu e specializuar n\u00eb krijimin e p\u00ebrmbajtjes.<\/p>\n\n\n\n<p>N\u00ebse d\u00ebshironi t\u00eb na kontaktoni, ju lutemi na d\u00ebrgoni email n\u00eb:<\/p>\n\n\n\n<p><a href=\"mailto:info@turcjawczasy.net\" target=\"_blank\" rel=\"noreferrer noopener\">info@turcjawczasy.net<\/a><\/p>\n<!-- AddThis Advanced Settings generic via filter on the_content --><!-- AddThis Share Buttons generic via filter on the_content -->","protected":false},"excerpt":{"rendered":"<p>Rreth turcjawczasy.net Ne jemi kompani marketingu e specializuar n\u00eb krijimin e p\u00ebrmbajtjes. N\u00ebse d\u00ebshironi t\u00eb na kontaktoni, ju lutemi na d\u00ebrgoni email n\u00eb: info@turcjawczasy.net<!-- AddThis Advanced Settings generic via filter on get_the_excerpt --><!-- AddThis Share Buttons generic via filter on get_the_excerpt --><\/p>\n","protected":false},"author":1,"featured_media":0,"parent":0,"menu_order":0,"comment_status":"closed","ping_status":"closed","template":"","meta":{"_et_pb_use_builder":"off","_et_pb_old_content":"","_et_gb_content_width":"","footnotes":""},"class_list":["post-59","page","type-page","status-publish","hentry"],"jetpack-related-posts":[],"_links":{"self":[{"href":"https:\/\/turcjawczasy.net\/sq\/wp-json\/wp\/v2\/pages\/59","targetHints":{"allow":["GET"]}}],"collection":[{"href":"https:\/\/turcjawczasy.net\/sq\/wp-json\/wp\/v2\/pages"}],"about":[{"href":"https:\/\/turcjawczasy.net\/sq\/wp-json\/wp\/v2\/types\/page"}],"author":[{"embeddable":true,"href":"https:\/\/turcjawczasy.net\/sq\/wp-json\/wp\/v2\/users\/1"}],"replies":[{"embeddable":true,"href":"https:\/\/turcjawczasy.net\/sq\/wp-json\/wp\/v2\/comments?post=59"}],"version-history":[{"count":2,"href":"https:\/\/turcjawczasy.net\/sq\/wp-json\/wp\/v2\/pages\/59\/revisions"}],"predecessor-version":[{"id":61,"href":"https:\/\/turcjawczasy.net\/sq\/wp-json\/wp\/v2\/pages\/59\/revisions\/61"}],"wp:attachment":[{"href":"https:\/\/turcjawczasy.net\/sq\/wp-json\/wp\/v2\/media?parent=59"}],"curies":[{"name":"wp","href":"https:\/\/api.w.org\/{rel}","templated":true}]}}