{"id":52,"date":"2022-01-18T06:48:01","date_gmt":"2022-01-18T06:48:01","guid":{"rendered":"http:\/\/turcjawczasy.net\/sv\/?page_id=52"},"modified":"2022-01-19T12:49:07","modified_gmt":"2022-01-19T12:49:07","slug":"about-grecjawczasy-com","status":"publish","type":"page","link":"https:\/\/turcjawczasy.net\/sv\/about-grecjawczasy-com\/","title":{"rendered":"Om webbplatsen turcjawczasy.net"},"content":{"rendered":"<div style=\"text-align:center\"><img loading=\"lazy\" decoding=\"async\" width=\"196\" height=\"86\" src=\"https:\/\/i0.wp.com\/turcjawczasy.net\/sv\/wp-content\/uploads\/sites\/32\/2022\/01\/logo.jpg?resize=196,86&amp;ssl=1\" class=\"attachment-post-thumbnail size-post-thumbnail wp-post-image\" alt=\"About turcjawczasy.net\/sv\" title=\"About turcjawczasy.net\/sv\" \/><\/div>\n<div class=\"wp-block-image\"><figure class=\"aligncenter size-full\"><figcaption><em><a href=\"http:\/\/turcjawczasy.net\/sv\">turcjawczasy.net\/sv<\/a><\/em><\/figcaption><\/figure><\/div>\n\n\n\n<p>Om webbplatsen turcjawczasy.net<\/p>\n\n\n\n<p>Vi \u00e4r ett marknadsf\u00f6ringsf\u00f6retag som specialiserat sig p\u00e5 att skapa inneh\u00e5ll.<\/p>\n\n\n\n<p>Om du vill kontakta oss v\u00e4nligen maila oss p\u00e5:<\/p>\n\n\n\n<p><a href=\"mailto:info@turcjawczasy.net\" target=\"_blank\" rel=\"noreferrer noopener\">info@turcjawczasy.net<\/a><\/p>\n<!-- AddThis Advanced Settings generic via filter on the_content --><!-- AddThis Share Buttons generic via filter on the_content -->","protected":false},"excerpt":{"rendered":"<p>Om webbplatsen turcjawczasy.net Vi \u00e4r ett marknadsf\u00f6ringsf\u00f6retag som specialiserat sig p\u00e5 att skapa inneh\u00e5ll. Om du vill kontakta oss v\u00e4nligen maila oss p\u00e5: info@turcjawczasy.net<!-- AddThis Advanced Settings generic via filter on get_the_excerpt --><!-- AddThis Share Buttons generic via filter on get_the_excerpt --><\/p>\n","protected":false},"author":1,"featured_media":63,"parent":0,"menu_order":0,"comment_status":"closed","ping_status":"closed","template":"","meta":{"_et_pb_use_builder":"off","_et_pb_old_content":"","_et_gb_content_width":"","footnotes":""},"class_list":["post-52","page","type-page","status-publish","has-post-thumbnail","hentry"],"jetpack-related-posts":[],"_links":{"self":[{"href":"https:\/\/turcjawczasy.net\/sv\/wp-json\/wp\/v2\/pages\/52","targetHints":{"allow":["GET"]}}],"collection":[{"href":"https:\/\/turcjawczasy.net\/sv\/wp-json\/wp\/v2\/pages"}],"about":[{"href":"https:\/\/turcjawczasy.net\/sv\/wp-json\/wp\/v2\/types\/page"}],"author":[{"embeddable":true,"href":"https:\/\/turcjawczasy.net\/sv\/wp-json\/wp\/v2\/users\/1"}],"replies":[{"embeddable":true,"href":"https:\/\/turcjawczasy.net\/sv\/wp-json\/wp\/v2\/comments?post=52"}],"version-history":[{"count":5,"href":"https:\/\/turcjawczasy.net\/sv\/wp-json\/wp\/v2\/pages\/52\/revisions"}],"predecessor-version":[{"id":67,"href":"https:\/\/turcjawczasy.net\/sv\/wp-json\/wp\/v2\/pages\/52\/revisions\/67"}],"wp:featuredmedia":[{"embeddable":true,"href":"https:\/\/turcjawczasy.net\/sv\/wp-json\/wp\/v2\/media\/63"}],"wp:attachment":[{"href":"https:\/\/turcjawczasy.net\/sv\/wp-json\/wp\/v2\/media?parent=52"}],"curies":[{"name":"wp","href":"https:\/\/api.w.org\/{rel}","templated":true}]}}