{"id":52,"date":"2022-01-18T06:48:01","date_gmt":"2022-01-18T06:48:01","guid":{"rendered":"http:\/\/turcjawczasy.net\/vi\/?page_id=52"},"modified":"2022-01-19T17:02:25","modified_gmt":"2022-01-19T17:02:25","slug":"about-grecjawczasy-com","status":"publish","type":"page","link":"https:\/\/turcjawczasy.net\/vi\/about-grecjawczasy-com\/","title":{"rendered":"Gi\u1edbi thi\u1ec7u v\u1ec1 trang web turcjawczasy.net"},"content":{"rendered":"<div style=\"text-align:center\"><img loading=\"lazy\" decoding=\"async\" width=\"196\" height=\"86\" src=\"https:\/\/i2.wp.com\/turcjawczasy.net\/vi\/wp-content\/uploads\/sites\/35\/2022\/01\/logo.jpg?resize=196,86&amp;ssl=1\" class=\"attachment-post-thumbnail size-post-thumbnail wp-post-image\" alt=\"About turcjawczasy.net\/vi\" title=\"About turcjawczasy.net\/vi\" \/><\/div>\n<div class=\"wp-block-image\"><figure class=\"aligncenter size-full\"><figcaption><em><a href=\"http:\/\/turcjawczasy.net\/vi\">turcjawczasy.net\/vi<\/a><\/em><\/figcaption><\/figure><\/div>\n\n\n\n<p>Gi\u1edbi thi\u1ec7u v\u1ec1 trang web turcjawczasy.net<\/p>\n\n\n\n<p>Ch\u00fang t\u00f4i l\u00e0 m\u1ed9t c\u00f4ng ty ti\u1ebfp th\u1ecb chuy\u00ean v\u1ec1 s\u00e1ng t\u1ea1o n\u1ed9i dung.<\/p>\n\n\n\n<p>N\u1ebfu b\u1ea1n mu\u1ed1n li\u00ean h\u1ec7 v\u1edbi ch\u00fang t\u00f4i, vui l\u00f2ng g\u1eedi email cho ch\u00fang t\u00f4i theo \u0111\u1ecba ch\u1ec9:<\/p>\n\n\n\n<p><a href=\"mailto:info@turcjawczasy.net\" target=\"_blank\" rel=\"noreferrer noopener\">info@turcjawczasy.net<\/a><\/p>\n<!-- AddThis Advanced Settings generic via filter on the_content --><!-- AddThis Share Buttons generic via filter on the_content -->","protected":false},"excerpt":{"rendered":"<p>Gi\u1edbi thi\u1ec7u v\u1ec1 trang web turcjawczasy.net Ch\u00fang t\u00f4i l\u00e0 m\u1ed9t c\u00f4ng ty ti\u1ebfp th\u1ecb chuy\u00ean v\u1ec1 s\u00e1ng t\u1ea1o n\u1ed9i dung. N\u1ebfu b\u1ea1n mu\u1ed1n li\u00ean h\u1ec7 v\u1edbi ch\u00fang t\u00f4i, vui l\u00f2ng g\u1eedi email cho ch\u00fang t\u00f4i theo \u0111\u1ecba ch\u1ec9: info@turcjawczasy.net<!-- AddThis Advanced Settings generic via filter on get_the_excerpt --><!-- AddThis Share Buttons generic via filter on get_the_excerpt --><\/p>\n","protected":false},"author":1,"featured_media":63,"parent":0,"menu_order":0,"comment_status":"closed","ping_status":"closed","template":"","meta":{"_et_pb_use_builder":"off","_et_pb_old_content":"","_et_gb_content_width":"","footnotes":""},"class_list":["post-52","page","type-page","status-publish","has-post-thumbnail","hentry"],"jetpack-related-posts":[],"_links":{"self":[{"href":"https:\/\/turcjawczasy.net\/vi\/wp-json\/wp\/v2\/pages\/52","targetHints":{"allow":["GET"]}}],"collection":[{"href":"https:\/\/turcjawczasy.net\/vi\/wp-json\/wp\/v2\/pages"}],"about":[{"href":"https:\/\/turcjawczasy.net\/vi\/wp-json\/wp\/v2\/types\/page"}],"author":[{"embeddable":true,"href":"https:\/\/turcjawczasy.net\/vi\/wp-json\/wp\/v2\/users\/1"}],"replies":[{"embeddable":true,"href":"https:\/\/turcjawczasy.net\/vi\/wp-json\/wp\/v2\/comments?post=52"}],"version-history":[{"count":5,"href":"https:\/\/turcjawczasy.net\/vi\/wp-json\/wp\/v2\/pages\/52\/revisions"}],"predecessor-version":[{"id":68,"href":"https:\/\/turcjawczasy.net\/vi\/wp-json\/wp\/v2\/pages\/52\/revisions\/68"}],"wp:featuredmedia":[{"embeddable":true,"href":"https:\/\/turcjawczasy.net\/vi\/wp-json\/wp\/v2\/media\/63"}],"wp:attachment":[{"href":"https:\/\/turcjawczasy.net\/vi\/wp-json\/wp\/v2\/media?parent=52"}],"curies":[{"name":"wp","href":"https:\/\/api.w.org\/{rel}","templated":true}]}}